{"id":1017,"date":"2024-03-18T15:22:33","date_gmt":"2024-03-18T14:22:33","guid":{"rendered":"https:\/\/www.gernot-menke.de\/?page_id=1017"},"modified":"2024-04-12T23:41:34","modified_gmt":"2024-04-12T21:41:34","slug":"fahrrad-trial-kiefersfelden-1966","status":"publish","type":"page","link":"https:\/\/www.gernot-menke.de\/en\/fahrrad-trial-kiefersfelden-1966\/","title":{"rendered":"Cycle Trial in Kiefersfelden (1966)"},"content":{"rendered":"<p>In Kiefersfelden, too, it was clear that people had only recently discovered (motorcycle) trials, so it was still new and enthusiasm was correspondingly high. In 1966, the Alpine Cup was added, a series of competitions in the local Alpine region. In this spirit of optimism, people in Kiefersfelden were also open to new ideas, and so a cycle trial was organized for the local children.<\/p>\n<figure id=\"attachment_1050\" aria-describedby=\"caption-attachment-1050\" style=\"width: 700px\" class=\"wp-caption alignleft\"><img loading=\"lazy\" decoding=\"async\" class=\"size-full wp-image-1050\" src=\"https:\/\/www.gernot-menke.de\/wp-content\/uploads\/2024\/04\/KIEF1966-2-700.jpg\" alt=\"\" width=\"700\" height=\"334\" srcset=\"https:\/\/www.gernot-menke.de\/wp-content\/uploads\/2024\/04\/KIEF1966-2-700.jpg 700w, https:\/\/www.gernot-menke.de\/wp-content\/uploads\/2024\/04\/KIEF1966-2-700-300x143.jpg 300w\" sizes=\"auto, (max-width: 700px) 100vw, 700px\" \/><figcaption id=\"caption-attachment-1050\" class=\"wp-caption-text\">Text from the publication marking the 25th anniversary of MSC Kiefersfelden in 1977<\/figcaption><\/figure>\n<p>Exactly how bike trials came about in Kiefersfelden in 1966 remains unclear. The text shown here, taken from the MSC Kiefersfelden's 25th anniversary publication (1952-1977), is the only information available on the subject. It is interesting to note that this bike trial apparently served as a model for the \u201cMeister auf zwei R\u00e4dern\u201d (Champion on Two Wheels) bicycle tournaments organized by the ADAC since 1970 \u2013 the MSC Kiefersfelden was also an ADAC club. Whether the \u201cKieferer\u201d converted their bike trial into a tournament on their own initiative or whether this was related to the interest of the ADAC would also need to be clarified.<\/p>\n<p>In any case, I will stay on top of this and hope that the \u201cKieferers\u201d still have old documents that can be used to clarify the questions mentioned\u2014and maybe there are even photos.<\/p>\n<p><img loading=\"lazy\" decoding=\"async\" class=\"alignnone size-full wp-image-1053 alignleft\" src=\"https:\/\/www.gernot-menke.de\/wp-content\/uploads\/2024\/04\/KIEF1966-1-600.jpg\" alt=\"\" width=\"471\" height=\"600\" srcset=\"https:\/\/www.gernot-menke.de\/wp-content\/uploads\/2024\/04\/KIEF1966-1-600.jpg 471w, https:\/\/www.gernot-menke.de\/wp-content\/uploads\/2024\/04\/KIEF1966-1-600-236x300.jpg 236w\" sizes=\"auto, (max-width: 471px) 100vw, 471px\" \/><\/p>","protected":false},"excerpt":{"rendered":"<p>Auch in Kiefersfelden wird das Muster deutlich, da\u00df man den (Motorrad-)Trialsport vor nicht langer Zeit f\u00fcr sich entdeckt hatte, er also noch neu und die Begeisterung entsprechend gro\u00df war. 1966 kam noch der Alpenpokal hinzu, eine Wettbewerbsserie im heimischen Alpenraum. In dieser Aufbruchsstimmung war man auch in Kiefersfelden offen f\u00fcr Neues und so gab es&#8230;<\/p>","protected":false},"author":1,"featured_media":0,"parent":0,"menu_order":0,"comment_status":"closed","ping_status":"closed","template":"","meta":{"footnotes":""},"class_list":["post-1017","page","type-page","status-publish","hentry"],"_links":{"self":[{"href":"https:\/\/www.gernot-menke.de\/en\/wp-json\/wp\/v2\/pages\/1017","targetHints":{"allow":["GET"]}}],"collection":[{"href":"https:\/\/www.gernot-menke.de\/en\/wp-json\/wp\/v2\/pages"}],"about":[{"href":"https:\/\/www.gernot-menke.de\/en\/wp-json\/wp\/v2\/types\/page"}],"author":[{"embeddable":true,"href":"https:\/\/www.gernot-menke.de\/en\/wp-json\/wp\/v2\/users\/1"}],"replies":[{"embeddable":true,"href":"https:\/\/www.gernot-menke.de\/en\/wp-json\/wp\/v2\/comments?post=1017"}],"version-history":[{"count":7,"href":"https:\/\/www.gernot-menke.de\/en\/wp-json\/wp\/v2\/pages\/1017\/revisions"}],"predecessor-version":[{"id":1056,"href":"https:\/\/www.gernot-menke.de\/en\/wp-json\/wp\/v2\/pages\/1017\/revisions\/1056"}],"wp:attachment":[{"href":"https:\/\/www.gernot-menke.de\/en\/wp-json\/wp\/v2\/media?parent=1017"}],"curies":[{"name":"wp","href":"https:\/\/api.w.org\/{rel}","templated":true}]}}