{"id":21,"date":"2019-05-25T15:13:24","date_gmt":"2019-05-25T13:13:24","guid":{"rendered":"http:\/\/neu.gernot-menke.de\/?page_id=21"},"modified":"2025-11-29T13:17:31","modified_gmt":"2025-11-29T12:17:31","slug":"startseite","status":"publish","type":"page","link":"https:\/\/www.gernot-menke.de\/en\/","title":{"rendered":"The History of Bike Trials"},"content":{"rendered":"<p><img loading=\"lazy\" decoding=\"async\" class=\"alignnone wp-image-255 size-large\" src=\"https:\/\/www.gernot-menke.de\/wp-content\/uploads\/2019\/05\/Kreidefelsen-bei-Dover_cropped-1024x562.jpg\" alt=\"Bicycle Trial - A Sport Born in England\" width=\"720\" height=\"395\" srcset=\"https:\/\/www.gernot-menke.de\/wp-content\/uploads\/2019\/05\/Kreidefelsen-bei-Dover_cropped.jpg 1024w, https:\/\/www.gernot-menke.de\/wp-content\/uploads\/2019\/05\/Kreidefelsen-bei-Dover_cropped-300x165.jpg 300w, https:\/\/www.gernot-menke.de\/wp-content\/uploads\/2019\/05\/Kreidefelsen-bei-Dover_cropped-768x422.jpg 768w\" sizes=\"auto, (max-width: 720px) 100vw, 720px\" \/><\/p>\n<h5>Contents<\/h5>\n<p>&nbsp;<\/p>\n<h5>Zuletzt aktualisiert:\u00a0 18.11.2025<\/h5>\n<h5>Zuletzt bearbeitet: Pere Pi macht das Fahrrad-Trial zu SEINER Angelegenheit<\/h5>\n<p>&nbsp;<\/p>\n<p><a href=\"http:\/\/gernot-menke.de\/en\/kurzer-rueckblick-auf-die-geschichte-des-radsports\">1. Short Review on the History of Cycle Sports<\/a><br \/>\n<a href=\"https:\/\/www.gernot-menke.de\/en\/die-entstehung-des-trialsports-als-ein-motorradsport\/\">2. The Emergence of Observed Trials as a Motor Sport<\/a><br \/>\n<a href=\"https:\/\/www.gernot-menke.de\/en\/fruehes-fahrrad-trial\/\">3. Early Cycle Trials<\/a><br \/>\n<a href=\"https:\/\/www.gernot-menke.de\/en\/windlesham-wheelers-trial-in-bagshot-heath-am-07-12-1947\/\">Windlesham Wheelers Trial in Bagshot Heath on 7 December 1947<\/a><br \/>\n<a href=\"https:\/\/www.gernot-menke.de\/en\/bicycle-trial-jersey-in-den-fuenfziger-jahren\/\">Cycle Trial Jersey in the 1950s<\/a><br \/>\n<a href=\"https:\/\/www.gernot-menke.de\/en\/fahrrad-trial-club-ebstorf-1961-1964\/\">\u2018Ebstorf Bicycle Trials Club\u2019 (1961\u20131964)<\/a><br \/>\n<a href=\"https:\/\/www.gernot-menke.de\/en\/fahrrad-trial-kiefersfelden-1966\/\">Cycle Trial in Kiefersfelden (1966)<\/a><br \/>\n<a href=\"https:\/\/www.gernot-menke.de\/en\/fahrrad-trial-moosen-1966\/\">Cycle Trial in Moosen (1966)<\/a><br \/>\n<a href=\"https:\/\/www.gernot-menke.de\/en\/4-die-siebziger-jahre\/\">4. The Seventies<\/a><br \/>\n<a href=\"https:\/\/www.gernot-menke.de\/en\/fahrrad-trial-engabrunn-1972\/\">Cycle Trial in Engabrunn (1972)<\/a><br \/>\n<a href=\"https:\/\/www.gernot-menke.de\/en\/fahrrad-trial-schatthausen-1972\/\">Cycle Trial in Schatthausen (1972)<\/a><br \/>\n<a href=\"https:\/\/www.gernot-menke.de\/en\/elton-matlock\/\">Elton Matlock (1973-1976)<\/a><br \/>\n<a href=\"https:\/\/www.gernot-menke.de\/en\/roehrnbach-1974\/\">R\u00f6hrnbach (1974)<\/a><br \/>\n<a href=\"https:\/\/www.gernot-menke.de\/en\/besancon-1976\/\">Besan\u00e7on 1976<\/a><br \/>\n<a href=\"https:\/\/www.gernot-menke.de\/en\/emmendingen-ab-1978\/\">Emmendingen (since 1978)<\/a><br \/>\n<a href=\"https:\/\/www.gernot-menke.de\/en\/bad-nauheim-vorgeschichte\/\">5. Bad Nauheim \u2013 Background History<\/a><br \/>\n<a href=\"https:\/\/www.gernot-menke.de\/en\/bad-nauheim-fahrrad-trial-25-05-1974\/\">Bad Nauheim \u2013 Cycle-Trial on 25 May 1974<\/a><br \/>\n<a href=\"https:\/\/www.gernot-menke.de\/en\/bad-nauheim-weitere-fahrrad-trials\/\">Bad Nauheim \u2013 Further Bike Trials<\/a><br \/>\n<a href=\"https:\/\/www.gernot-menke.de\/en\/bad-nauheim-es-wird-ueberregional\/\">Bad Nauheim \u2013It Goes Beyond the Region<\/a><br \/>\n<a href=\"https:\/\/www.gernot-menke.de\/en\/die-organisatorische-entstehung-des-fahrrad-trials-als-sportart\/\">6. The Organisational Development of Bike Trials as a Sport<\/a><br \/>\n<a href=\"https:\/\/www.gernot-menke.de\/en\/die-anfaenge-in-katalonien\/\">The Beginnings in Catalonia<\/a><br \/>\n<a href=\"https:\/\/www.gernot-menke.de\/en\/die-anfaenge-in-deutschland\/\">The Beginnings in Germany<\/a><br \/>\n<a href=\"https:\/\/www.gernot-menke.de\/en\/der-velo-trialpokal-und-seine-ausdehnung-zur-deutschen-meisterschaft\/\">The Velo Trial Cup and its expansion to the German Championship<\/a><br \/>\n<a href=\"https:\/\/www.gernot-menke.de\/en\/felix-krahnstoever-und-pere-pi\/\">Felix Krahnst\u00f6ver and Pere Pi<\/a><br \/>\n<a href=\"https:\/\/www.gernot-menke.de\/en\/die-kunde-vom-deutschen-fahrrad-trial\/\">News About Cycle Trials in Germany<\/a><br \/>\n<a href=\"https:\/\/www.gernot-menke.de\/en\/pere-pi-macht-das-fahrrad-trial-zu-seiner-angelegenheit\/\">Pere Pi Makes Cycle Trials HIS Business<\/a><br \/>\n<a href=\"https:\/\/www.gernot-menke.de\/en\/ich-lernte-pere-pi-kennen\/\">I Got to Know Pere Pi<\/a><br \/>\n<a href=\"https:\/\/www.gernot-menke.de\/en\/der-weg-zum-ersten-eurocup\/\">Der Weg zum ersten Eurocup 1982<\/a><\/p>\n<p>&nbsp;<\/p>","protected":false},"excerpt":{"rendered":"<p>Inhalt &nbsp; Zuletzt aktualisiert:\u00a0 18.11.2025 Zuletzt bearbeitet: Pere Pi macht das Fahrrad-Trial zu SEINER Angelegenheit &nbsp; 1. Kurzer R\u00fcckblick auf die Geschichte des Radsports 2. Die Entstehung des Trialsports als ein Motorsport 3. Fr\u00fches Fahrrad-Trial Windlesham Wheelers Trial in Bagshot Heath am 07.12.1947 Cycle-Trial Jersey in den f\u00fcnfziger Jahren &#8222;Fahrrad-Trial-Club Ebstorf&#8220; (1961-1964) Fahrrad-Trial Kiefersfelden (1966)&#8230;<\/p>","protected":false},"author":1,"featured_media":0,"parent":0,"menu_order":0,"comment_status":"closed","ping_status":"closed","template":"","meta":{"footnotes":""},"class_list":["post-21","page","type-page","status-publish","hentry"],"_links":{"self":[{"href":"https:\/\/www.gernot-menke.de\/en\/wp-json\/wp\/v2\/pages\/21","targetHints":{"allow":["GET"]}}],"collection":[{"href":"https:\/\/www.gernot-menke.de\/en\/wp-json\/wp\/v2\/pages"}],"about":[{"href":"https:\/\/www.gernot-menke.de\/en\/wp-json\/wp\/v2\/types\/page"}],"author":[{"embeddable":true,"href":"https:\/\/www.gernot-menke.de\/en\/wp-json\/wp\/v2\/users\/1"}],"replies":[{"embeddable":true,"href":"https:\/\/www.gernot-menke.de\/en\/wp-json\/wp\/v2\/comments?post=21"}],"version-history":[{"count":259,"href":"https:\/\/www.gernot-menke.de\/en\/wp-json\/wp\/v2\/pages\/21\/revisions"}],"predecessor-version":[{"id":3373,"href":"https:\/\/www.gernot-menke.de\/en\/wp-json\/wp\/v2\/pages\/21\/revisions\/3373"}],"wp:attachment":[{"href":"https:\/\/www.gernot-menke.de\/en\/wp-json\/wp\/v2\/media?parent=21"}],"curies":[{"name":"wp","href":"https:\/\/api.w.org\/{rel}","templated":true}]}}