{"id":240,"date":"2019-05-29T22:31:43","date_gmt":"2019-05-29T20:31:43","guid":{"rendered":"https:\/\/www.gernot-menke.de\/?page_id=240"},"modified":"2025-09-14T15:15:22","modified_gmt":"2025-09-14T13:15:22","slug":"fahrrad-trial-engabrunn-1972","status":"publish","type":"page","link":"https:\/\/www.gernot-menke.de\/en\/fahrrad-trial-engabrunn-1972\/","title":{"rendered":"Cycle Trial in Engabrunn (1972)"},"content":{"rendered":"<p class=\"translation-block\">In Langenlois \u2013 located a few kilometers north of Krems on the Danube in Lower Austria \u2013 there is a motorcycle trial and motocross tradition that dates back to the mid-1960s. The initiative for the trials came from Roland Georgieff, then Chief Inspector of the Vienna Police, who was active in trials, hill climbs, and motorcycle slaloms for the Jawa Club Vienna and was national champion in sidecar trials in 1971 and 1972. From 1966 to 1976, Georgieff organized a total of twenty motorcycle trials and other events for MSC Langenlois in Langenlois and the nearby towns of Reith and Mittelberg. <sup class=\"endnote\"><a href=\"#en-240-1\" id=\"enref-240-1\" target=\"_self\">1<\/a><\/sup><\/p>\n<p class=\"translation-block\">Some trials and motocross riders from MSC Langenlois came from the small village of Engabrunn, a few kilometers east of Langenlois. Through their younger brothers and their friends, the enthusiasm for motorsports spread to the young people in Engabrunn, who not only held moped motocross races in their home village, but also actively helped out at MSC Langenlois events. Roland Georgieff writes:\n\n\u201cAs a thank you for this, I organized a small bicycle trial with a few prizes in Engabrunn in 1972. (...) They were ordinary bicycles, but everything had been removed where possible. (...) But the course was natural. A real trial with its own scoring system, just like with motorcycles.\u201d<\/p>\n<p><img loading=\"lazy\" decoding=\"async\" class=\"size-medium wp-image-243 alignleft\" src=\"https:\/\/www.gernot-menke.de\/wp-content\/uploads\/2019\/05\/Eng.72a1-208x300.jpg\" alt=\"\" width=\"208\" height=\"300\" srcset=\"https:\/\/www.gernot-menke.de\/wp-content\/uploads\/2019\/05\/Eng.72a1-208x300.jpg 208w, https:\/\/www.gernot-menke.de\/wp-content\/uploads\/2019\/05\/Eng.72a1.jpg 364w\" sizes=\"auto, (max-width: 208px) 100vw, 208px\" \/><img loading=\"lazy\" decoding=\"async\" class=\"size-medium wp-image-244 alignright\" src=\"https:\/\/www.gernot-menke.de\/wp-content\/uploads\/2019\/05\/7211f1-220x300.jpg\" alt=\"\" width=\"220\" height=\"300\" srcset=\"https:\/\/www.gernot-menke.de\/wp-content\/uploads\/2019\/05\/7211f1-220x300.jpg 220w, https:\/\/www.gernot-menke.de\/wp-content\/uploads\/2019\/05\/7211f1.jpg 346w\" sizes=\"auto, (max-width: 220px) 100vw, 220px\" \/>About fifteen participants took part in the trial. The aim was to give the participants some enjoyment and enable them to take part in a trial, even if they had not yet had the opportunity to ride a motorcycle.<\/p>\n<p>Due to the popularity that bicycle trials had gained among these young people, a small bicycle skills competition was organized in Mittelberg in December 1974 as a side event to a car and motorcycle slalom. However, Roland Georgieff emphasizes: \u201cThe only real bike trial was the one in Engabrunn in 1972.\u201d<\/p>\n<p><img loading=\"lazy\" decoding=\"async\" class=\"size-medium wp-image-245 aligncenter\" src=\"https:\/\/www.gernot-menke.de\/wp-content\/uploads\/2019\/05\/72r55a1-261x300.jpg\" alt=\"\" width=\"261\" height=\"300\" srcset=\"https:\/\/www.gernot-menke.de\/wp-content\/uploads\/2019\/05\/72r55a1-261x300.jpg 261w, https:\/\/www.gernot-menke.de\/wp-content\/uploads\/2019\/05\/72r55a1.jpg 354w\" sizes=\"auto, (max-width: 261px) 100vw, 261px\" \/><\/p>\n<div class='endnotes' id='hhendnotes-240'>\n<ol>\n<li id='en-240-1'>For more information about Roland Georgieff, visit www.trialbazsi.info. <span class='endnotereverse'><a href='#enref-240-1'>&#8617;<\/a><\/span><\/li>\n<\/ol>\n<\/div>","protected":false},"excerpt":{"rendered":"<p>In Langenlois \u2013 das liegt wenige Kilometer n\u00f6rdlich von Krems an der Donau in Nieder\u00f6sterreich \u2013 gibt es eine Motorrad-Trial- und Moto Cross-Tradition, die bis in die Mitte der Sechziger Jahre zur\u00fcckreicht. Die Initiative f\u00fcr die Trials ging von dem damaligen Wiener Polizei-Chefinspektor Roland Georgieff aus, der f\u00fcr den Jawa-Club Wien bei Trials, Bergrennen und&#8230;<\/p>","protected":false},"author":1,"featured_media":0,"parent":0,"menu_order":0,"comment_status":"closed","ping_status":"closed","template":"","meta":{"footnotes":""},"class_list":["post-240","page","type-page","status-publish","hentry"],"_links":{"self":[{"href":"https:\/\/www.gernot-menke.de\/en\/wp-json\/wp\/v2\/pages\/240","targetHints":{"allow":["GET"]}}],"collection":[{"href":"https:\/\/www.gernot-menke.de\/en\/wp-json\/wp\/v2\/pages"}],"about":[{"href":"https:\/\/www.gernot-menke.de\/en\/wp-json\/wp\/v2\/types\/page"}],"author":[{"embeddable":true,"href":"https:\/\/www.gernot-menke.de\/en\/wp-json\/wp\/v2\/users\/1"}],"replies":[{"embeddable":true,"href":"https:\/\/www.gernot-menke.de\/en\/wp-json\/wp\/v2\/comments?post=240"}],"version-history":[{"count":14,"href":"https:\/\/www.gernot-menke.de\/en\/wp-json\/wp\/v2\/pages\/240\/revisions"}],"predecessor-version":[{"id":3114,"href":"https:\/\/www.gernot-menke.de\/en\/wp-json\/wp\/v2\/pages\/240\/revisions\/3114"}],"wp:attachment":[{"href":"https:\/\/www.gernot-menke.de\/en\/wp-json\/wp\/v2\/media?parent=240"}],"curies":[{"name":"wp","href":"https:\/\/api.w.org\/{rel}","templated":true}]}}