{"id":344,"date":"2019-06-30T11:21:55","date_gmt":"2019-06-30T09:21:55","guid":{"rendered":"https:\/\/www.gernot-menke.de\/?page_id=344"},"modified":"2025-09-14T21:28:49","modified_gmt":"2025-09-14T19:28:49","slug":"roehrnbach-1974","status":"publish","type":"page","link":"https:\/\/www.gernot-menke.de\/en\/roehrnbach-1974\/","title":{"rendered":"R\u00f6hrnbach (1974)"},"content":{"rendered":"<p>Motorcycle trials certainly inspired bicycle trials in various locations. However, it is unclear how often this occurred and how serious these activities were in individual cases. R\u00f6hrnbach in the Bavarian Forest is a good example of how, despite or perhaps because of close contact between young people and motorcycle trial riders, bicycle trials did not take place. The goal was motorcycle trials, and just as ten years earlier in Ebstorf, bicycle activities in R\u00f6hrnbach came to an end as soon as the main participants had the opportunity to switch to motorcycles.<\/p>\n<p><a href=\"https:\/\/www.gernot-menke.de\/wp-content\/uploads\/2019\/06\/jahreis.jpg\"><img loading=\"lazy\" decoding=\"async\" class=\"alignnone size-medium wp-image-350 alignleft\" src=\"https:\/\/www.gernot-menke.de\/wp-content\/uploads\/2019\/06\/jahreis-300x205.jpg\" alt=\"\" width=\"300\" height=\"205\" srcset=\"https:\/\/www.gernot-menke.de\/wp-content\/uploads\/2019\/06\/jahreis-300x205.jpg 300w, https:\/\/www.gernot-menke.de\/wp-content\/uploads\/2019\/06\/jahreis-768x525.jpg 768w, https:\/\/www.gernot-menke.de\/wp-content\/uploads\/2019\/06\/jahreis.jpg 1011w\" sizes=\"auto, (max-width: 300px) 100vw, 300px\" \/><\/a><\/p>\n<p class=\"translation-block\">Emil Jahreis, who is sitting backwards on his Ossa in the photo below, taken in R\u00f6hrnbach in 1974, writes:\n\n\"The children certainly imitated us with their old, converted bicycles, simply trying to ride up or down an embankment, but also sometimes riding on the rear wheel. So it wasn't about building sections, but just being there. Among the children are the brothers of Max Thoma, including Alois and Georg Thoma, who are still successful motorcycle trials riders today (2013). Later, Max and Hansi Thoma converted a 50 cc Z\u00fcndapp for trials riding for their younger brothers.\"<\/p>\n<p>The photo from R\u00f6hrnbach is a great picture. You can see how the young people are imitating the motorcycle trial with their bicycles: not only are they wearing the clothing that was common at the time \u2013 rubber boots and caps \u2013 they are even copying the pose of the motorcycle trials riders taking a break!<\/p>","protected":false},"excerpt":{"rendered":"<p>Sicherlich hat das Motorrad-Trial an verschiedenen Orten zum Trialfahren mit Fahrr\u00e4dern angeregt. Wie h\u00e4ufig das vorkam und wie ernsthaft diese Aktivit\u00e4ten im Einzelfall waren, ist aber ziemlich unklar. R\u00f6hrnbach im Bayerischen Wald ist ein gutes Beispiel daf\u00fcr, da\u00df es trotz oder vielleicht auch wegen eines engen Kontakts der Jugendlichen zu den Motorrad-Trialfahrern nicht zu Fahrrad-Trials&#8230;<\/p>","protected":false},"author":1,"featured_media":0,"parent":0,"menu_order":0,"comment_status":"closed","ping_status":"closed","template":"","meta":{"footnotes":""},"class_list":["post-344","page","type-page","status-publish","hentry"],"_links":{"self":[{"href":"https:\/\/www.gernot-menke.de\/en\/wp-json\/wp\/v2\/pages\/344","targetHints":{"allow":["GET"]}}],"collection":[{"href":"https:\/\/www.gernot-menke.de\/en\/wp-json\/wp\/v2\/pages"}],"about":[{"href":"https:\/\/www.gernot-menke.de\/en\/wp-json\/wp\/v2\/types\/page"}],"author":[{"embeddable":true,"href":"https:\/\/www.gernot-menke.de\/en\/wp-json\/wp\/v2\/users\/1"}],"replies":[{"embeddable":true,"href":"https:\/\/www.gernot-menke.de\/en\/wp-json\/wp\/v2\/comments?post=344"}],"version-history":[{"count":18,"href":"https:\/\/www.gernot-menke.de\/en\/wp-json\/wp\/v2\/pages\/344\/revisions"}],"predecessor-version":[{"id":3135,"href":"https:\/\/www.gernot-menke.de\/en\/wp-json\/wp\/v2\/pages\/344\/revisions\/3135"}],"wp:attachment":[{"href":"https:\/\/www.gernot-menke.de\/en\/wp-json\/wp\/v2\/media?parent=344"}],"curies":[{"name":"wp","href":"https:\/\/api.w.org\/{rel}","templated":true}]}}