{"id":754,"date":"2021-11-28T21:21:16","date_gmt":"2021-11-28T20:21:16","guid":{"rendered":"https:\/\/www.gernot-menke.de\/?page_id=754"},"modified":"2025-08-10T18:24:52","modified_gmt":"2025-08-10T16:24:52","slug":"4-die-siebziger-jahre","status":"publish","type":"page","link":"https:\/\/www.gernot-menke.de\/en\/4-die-siebziger-jahre\/","title":{"rendered":"The Seventies"},"content":{"rendered":"<p>The post-war economic boom, which lasted into the 1970s, was also a period of increasing motorisation, particularly from the 1960s onwards. At the same time, the so-called leisure society emerged. The motorcycle, which had been replaced by the more comfortable car as an everyday vehicle, was now rediscovered as a leisure and sports equipment. In 1967, the book \u2018Sport mit Motorr\u00e4dern\u2019 (Motorcycle Sports) by Crius (Christian Christophe) was published, a very popular guide to getting started in motorcycle sports at the time, which went through several editions.<\/p>\n<p>So wie die anderen Motorradsportarten, nahm auch der Trialsport einen entsprechenden Aufschwung. Laut den Terminangaben im Mitteilungsblatt der Deutschen Trialsportgemeinschaft FAHRERLAGER fanden im Jahr 1964 in der Bundesrepublik insgesamt 22 Trialwettbewerbe statt. Das Nachfolgeblatt TRIALSPORT verzeichnete in seinem Gr\u00fcndungsjahr 1976 dann schon 118 Trialveranstaltungen, was rechnerisch einer j\u00e4hrlichen Zunahme von 45 Prozent in diesem Zeitraum entspricht. In anderen L\u00e4ndern, in denen Trial gefahren wurde, d\u00fcrfte die Entwicklung in dieser Zeit \u00e4hnlich verlaufen sein. Die Anzahl der Wertungsl\u00e4ufe der 1967 geschaffenen Trial-Europameisterschaft stieg in derselben Weise von f\u00fcnf in der ersten Saison auf dreizehn im Jahr 1974.<\/p>\n<p>In addition to increasing motorisation and the emergence of the leisure society, there was a third factor that promoted enthusiasm for motorcycles and thus also trials riding at that time, namely the spirit of 1968, as it is referred to in retrospect today. This may sound surprising, but it is actually obvious that a trend which broadly led to the emergence of a tolerant, youthful and fun-loving zeitgeist, as can be seen from the longer hair and more colourful clothing, wallpaper and even cars, was more in line with the enthusiasm for motorcycles in an emerging leisure society than it was opposed to it.<\/p>\n<p>In Deutschland erm\u00f6glichte der 68er Zeitgeist wichtige politische Ver\u00e4nderungen, wie beispielsweise die Ostpolitik von Willy Brandt, die im Kalten Krieg auf Verst\u00e4ndigung statt auf blo\u00dfe Konfrontation setzte. Man nahm nun die Chancengleichheit in der Gesellschaft und damit die sozialen Bedingungen in den Blick, mit teilweise ganz banalen Auswirkungen. Beispielsweise k\u00fcmmerte man sich nunmehr um die bisher vernachl\u00e4ssigte Jugend und betrieb Jugendarbeit; 1970 wurde in diesem Kontext der Stadtjugendring Bad Nauheim gegr\u00fcndet, der als offizieller Veranstalter der ab 1974 stattfindenden Fahrrad-Trials in Bad Nauheim fungierte.<\/p>\n<p>Insgesamt aber hat man den Eindruck, da\u00df die urspr\u00fcnglich politisch gemeinte 68er Bewegung von den Errungenschaften des Fortschritts \u00fcberholt (oder von ihm \u201esaturiert\u201c) wurde. <sup class='endnote'><a href='#en-754-1' id='enref-754-1' onclick='return hhEndnotes_show(754)'>1<\/a><\/sup> Selbst in den USA, wo die 68er Bewegung im Widerstand gegen den Vietnamkrieg erstarkt war, verlor sie in den siebziger Jahren rasch an Einflu\u00df, obwohl der Vietnamkrieg noch bis 1975 weiterging. Der Umstand, da\u00df das Woodstock-Festival (1969) zu einem Symbol der 68er Bewegung wurde, zeigt deutlich, wie sehr die urspr\u00fcnglich politische Energie nunmehr in die expandierende Musikszene und in die Welt der Freizeit flo\u00df. Entsprechendes war auch beim zweiten gro\u00dfen Symbol der 68er Bewegung zu beobachten. Der Film \u201eEasy Rider\u201c (ebenfalls 1969), der Kult war, auch wenn es dieses Wort in den siebziger Jahren noch nicht gab, hatte zwar einen sozialkritischen Hintergrund, war aber in erster Linie ein Musikfilm und ebenso ein Road Movie, ein Motorradfilm von der Freiheit auf zwei R\u00e4dern. Auch hier ging es jetzt nicht mehr um die politische Freiheit aller, sondern um die Selbstverwirklichung des Einzelnen, die mit den Zielen der 68er Bewegung gleichgesetzt wurde.<\/p>\n<p>The enthusiasm for motorcycles in the new leisure society was also promoted and ideologically heightened by the influence of the 1968 movement. That may seem naive from today's perspective, but that was the atmosphere of those years. Who would write or read a book like Robert M. Pirsig's Zen and the Art of Motorcycle Maintenance today? It's hard to believe who all succumbed to motorcycle enthusiasm back then \u2013 a remnant of this are the many older motorcyclists of today \u2013 and how many older gentlemen, who you wouldn't even recognise as such today, rode motocross or trials bikes in the 1970s! Spectators were also infected by the spirit of the times and, unlike today, flocked to events in droves, even if they had nothing to do with motorcycles.<\/p>\n<figure id=\"attachment_959\" aria-describedby=\"caption-attachment-959\" style=\"width: 1024px\" class=\"wp-caption alignleft\"><img loading=\"lazy\" decoding=\"async\" class=\"size-full wp-image-959\" src=\"https:\/\/www.gernot-menke.de\/wp-content\/uploads\/2023\/01\/P1040171HP.jpg\" alt=\"\" width=\"1024\" height=\"887\" srcset=\"https:\/\/www.gernot-menke.de\/wp-content\/uploads\/2023\/01\/P1040171HP.jpg 1024w, https:\/\/www.gernot-menke.de\/wp-content\/uploads\/2023\/01\/P1040171HP-300x260.jpg 300w, https:\/\/www.gernot-menke.de\/wp-content\/uploads\/2023\/01\/P1040171HP-768x665.jpg 768w\" sizes=\"auto, (max-width: 1024px) 100vw, 1024px\" \/><figcaption id=\"caption-attachment-959\" class=\"wp-caption-text\">Roger De Coster fotografierte ich am 16. Juli 1972 beim 500er Moto Cross-WM-Lauf in Beuern, das liegt ungef\u00e4hr vierzig Kilometer von Bad Nauheim entfernt<\/figcaption><\/figure>\n<p>In den fr\u00fchen siebziger Jahren waren Poster etwas ganz Neues. Ich erinnere mich an einen Prospekt, der das gesamte, noch \u00fcberschaubare Lieferprogramm abbildete und damit einen perfekten \u00dcberblick \u00fcber die Themen der Zeit gab. Das waren die Mondlandung (erstmals konnte man den blauen Planeten in seiner Sch\u00f6nheit von au\u00dfen sehen! Dieser Perspektivwechsel war viel eindrucksvoller als die Bilder vom Mond), Anti-Kriegsfotos (das Peace-Symbol oder das Schwarzwei\u00dffoto eines amerikanischen Soldaten in Vietnam, der &#8211; t\u00f6dlich getroffen &#8211; die Waffe in die Luft warf, mit der gro\u00dfen \u00dcberschrift WHY?), jede Menge Psycho-Poster mit allerlei Farbmustern, welche die nun m\u00f6glichen Effekte nutzten, auch Natur- oder Tierfotos, nat\u00fcrlich Poster von Jimmy Hendrix, Racquel Welch oder von Che Guevara, vor allem aber durften Poster von Peter Fonda und Dennis Hopper auf ihren Choppern im Film Easy Rider nicht fehlen. Es gab nat\u00fcrlich auch Poster vom Motorrad-Rennsport und auch ein paar von der Formel 1, aber im Verh\u00e4ltnis dazu erstaunlich viele vom Moto Cross. Das war ganz anders als heute und hatte sicherlich damit zu tun, da\u00df das Moto Cross damals in den USA einen Boom erlebte und spektakul\u00e4r war. Der Offroad-Motorradsport insgesamt war in dieser Zeit aber auch in Europa \u00fcberaus popul\u00e4r. Es gab eine ganze Reihe Stra\u00dfenmotorr\u00e4der, die sich Scrambler nannten und hochgelegte Auspuffanlagen besa\u00dfen. Es ist klar, da\u00df auch der Trialsport von dieser Entwicklung stark profitierte, auch wenn er auch damals schon im Schatten der \u00fcbrigen Motorradsportarten stand.<\/p>\n<p>For bicycle trials, the founding of many new trial clubs meant that enthusiasm for something new and conditions such as those in Ebstorf in 1961 were now more common. Bicycle trials were in the air, even if no one was aware of it at the time. However, it required the support of adults who recognised and encouraged the children's enthusiasm. And it then required the further expansion of such activities and their supra-regional coordination so that bicycle trials did not die out again, but became an independent discipline. This was the case in Germany and Spain (Catalonia) in the 1970s.<\/p>\n<div class='endnotes' id='hhendnotes-754'>\n<ol>\n<li id='en-754-1'>When discussing the issue of machine transport, Crius wrote: \u2018A car will soon be available for free\u2019; Crius 1972, p. 59. People were satisfied. <span class='endnotereverse'><a href='#enref-754-1'>&#8617;<\/a><\/span><\/li>\n<\/ol>\n<\/div>","protected":false},"excerpt":{"rendered":"<p>Der wirtschaftliche Boom der Nachkriegszeit, der sich bis in die siebziger Jahre hinein erstreckte, war besonders ab den sechziger Jahren auch eine Zeit der zunehmenden Motorisierung. Zugleich entstand die sogenannte Freizeitgesellschaft. Das Motorrad, das als Alltagsgef\u00e4hrt vom bequemeren Auto verdr\u00e4ngt worden war, wurde nun als Freizeit- und Sportger\u00e4t neu entdeckt. 1967 erschien das Buch \u201eSport&#8230;<\/p>","protected":false},"author":1,"featured_media":0,"parent":0,"menu_order":0,"comment_status":"closed","ping_status":"closed","template":"","meta":{"footnotes":""},"class_list":["post-754","page","type-page","status-publish","hentry"],"_links":{"self":[{"href":"https:\/\/www.gernot-menke.de\/en\/wp-json\/wp\/v2\/pages\/754","targetHints":{"allow":["GET"]}}],"collection":[{"href":"https:\/\/www.gernot-menke.de\/en\/wp-json\/wp\/v2\/pages"}],"about":[{"href":"https:\/\/www.gernot-menke.de\/en\/wp-json\/wp\/v2\/types\/page"}],"author":[{"embeddable":true,"href":"https:\/\/www.gernot-menke.de\/en\/wp-json\/wp\/v2\/users\/1"}],"replies":[{"embeddable":true,"href":"https:\/\/www.gernot-menke.de\/en\/wp-json\/wp\/v2\/comments?post=754"}],"version-history":[{"count":13,"href":"https:\/\/www.gernot-menke.de\/en\/wp-json\/wp\/v2\/pages\/754\/revisions"}],"predecessor-version":[{"id":2963,"href":"https:\/\/www.gernot-menke.de\/en\/wp-json\/wp\/v2\/pages\/754\/revisions\/2963"}],"wp:attachment":[{"href":"https:\/\/www.gernot-menke.de\/en\/wp-json\/wp\/v2\/media?parent=754"}],"curies":[{"name":"wp","href":"https:\/\/api.w.org\/{rel}","templated":true}]}}